{"id":3236,"date":"2020-06-08T21:01:15","date_gmt":"2020-06-08T19:01:15","guid":{"rendered":"https:\/\/eszkolenia.eduedukacja.pl\/sklep\/produkt\/zakladowy-fundusz-swiadczen-socjalnych-czyli-zfss-2\/"},"modified":"2022-02-21T09:11:22","modified_gmt":"2022-02-21T08:11:22","slug":"zakladowy-fundusz-swiadczen-socjalnych-czyli-zfss-2","status":"publish","type":"product","link":"https:\/\/eszkolenia.eduedukacja.pl\/sklep\/produkt\/zakladowy-fundusz-swiadczen-socjalnych-czyli-zfss-2\/","title":{"rendered":"Zak\u0142adowy Fundusz \u015awiadcze\u0144 Socjalnych czyli ZF\u015aS"},"content":{"rendered":"<p>INTERAKTYWNE SZKOLENIE ONLINE<\/p>\n<h2>&#8211; Zak\u0142adowy  Fundusz \u015awiadcze\u0144 Socjalnych czyli ZF\u015aS  \u2013 wideoszkolenie &#8211;<\/h2>\n<p>Program Szkolenia<\/p>\n<ul>\n<li>\n\t\t\t\t\t\t\t\t\t\t1.\tObowi\u0105zek tworzenia Zak\u0142adowego Fundusz \u015awiadcze\u0144 Socjalnych.\n\t\t\t\t\t\t\t\t\t<\/li>\n<li>\n\t\t\t\t\t\t\t\t\t\t2.\tPodmioty zobowi\u0105zane do tworzenia ZF\u015aS i warunki odst\u0105pienia od  tworzenia ZF\u015a\u015a.\n\t\t\t\t\t\t\t\t\t<\/li>\n<li>\n\t\t\t\t\t\t\t\t\t\t3.\tOsoby uprawnione do korzystania z ZF\u015aS.\n\t\t\t\t\t\t\t\t\t<\/li>\n<li>\n\t\t\t\t\t\t\t\t\t\t4.\tOsoby na urlopach bezp\u0142atnych, wychowawczych, macierzy\u0144skich \u2013 uprawnienia                   w zakresie ZF\u015aS.\n\t\t\t\t\t\t\t\t\t<\/li>\n<li>\n\t\t\t\t\t\t\t\t\t\t5.\tZF\u015aS dla emeryt\u00f3w i rencist\u00f3w \u2013 by\u0142ych pracownik\u00f3w.\n\t\t\t\t\t\t\t\t\t<\/li>\n<li>\n\t\t\t\t\t\t\t\t\t\t6.\tKryteria  wyp\u0142aty \u015brodk\u00f3w z ZF\u015aS.\n\t\t\t\t\t\t\t\t\t<\/li>\n<li>\n\t\t\t\t\t\t\t\t\t\t7.\tBadanie sytuacji \u017cyciowej os\u00f3b uprawnionych.\n\t\t\t\t\t\t\t\t\t<\/li>\n<li>\n\t\t\t\t\t\t\t\t\t\t8.\tZasady naliczania odpisu i metodyka ustalania przeci\u0119tnej  liczby zatrudnionych.\n\t\t\t\t\t\t\t\t\t<\/li>\n<li>\n\t\t\t\t\t\t\t\t\t\t9.\tOsoby uwzgl\u0119dniane i nieuwzgl\u0119dniane do naliczenia odpisu.\n\t\t\t\t\t\t\t\t\t<\/li>\n<li>\n\t\t\t\t\t\t\t\t\t\t10.\tKorekta rocznego odpisu na ZF\u015aS.\n\t\t\t\t\t\t\t\t\t<\/li>\n<li>\n\t\t\t\t\t\t\t\t\t\t11.\tWysoko\u015b\u0107 odpis\u00f3w podstawowych na ZF\u015aS.\n\t\t\t\t\t\t\t\t\t<\/li>\n<li>\n\t\t\t\t\t\t\t\t\t\t12.\tTerminy obowi\u0105zkowych wyp\u0142at na odr\u0119bny rachunek bankowy.\n\t\t\t\t\t\t\t\t\t<\/li>\n<li>\n\t\t\t\t\t\t\t\t\t\t13.\tTworzenie regulaminu ZF\u015aS &#8211; wsp\u00f3\u0142praca ze zwi\u0105zkami zawodowymi                   lub przedstawicielami pracownik\u00f3w.\n\t\t\t\t\t\t\t\t\t<\/li>\n<li>\n\t\t\t\t\t\t\t\t\t\t14.\tZasady tworzenia komisji socjalnych.\n\t\t\t\t\t\t\t\t\t<\/li>\n<li>\n\t\t\t\t\t\t\t\t\t\t15.\tWarunki wyp\u0142aty \u015bwiadczenia urlopowego.\n\t\t\t\t\t\t\t\t\t<\/li>\n<li>\n\t\t\t\t\t\t\t\t\t\t16.\tWarunki odst\u0105pienia od  wyp\u0142aty \u015bwiadczenia urlopowego.\n\t\t\t\t\t\t\t\t\t<\/li>\n<li>\n\t\t\t\t\t\t\t\t\t\t17.\tDokonywanie potr\u0105ce\u0144 ze \u015bwiadcze\u0144 wyp\u0142aconych z ZF\u015aS.\n\t\t\t\t\t\t\t\t\t<\/li>\n<li>\n\t\t\t\t\t\t\t\t\t\t18.\tUstawowy zakres dzia\u0142alno\u015bci socjalnej z uwzgl\u0119dnieniem ostatnich zmian.\n\t\t\t\t\t\t\t\t\t<\/li>\n<li>\n\t\t\t\t\t\t\t\t\t\t19.           Wdro\u017cenie rozporz\u0105dzenia RODO  &#8211; pozyskiwanie, przetwarzanie, udost\u0119pnianie danych osobowych na potrzeby weryfikacji kryterium socjalnego na nowych, obowi\u0105zuj\u0105cych od 25 maja 2018 roku zasadach.\n\t\t\t\t\t\t\t\t\t<\/li>\n<li>\n\t\t\t\t\t\t\t\t\t\t20.           Komisja ZF\u015aS a RODO\n\t\t\t\t\t\t\t\t\t<\/li>\n<li>\n\t\t\t\t\t\t\t\t\t\t21.           Dokumentacja ZF\u015aS \u2013 dane pracownika, ma\u0142\u017conka, dzieci, dane z dokumentacji medycznych .\n\t\t\t\t\t\t\t\t\t<\/li>\n<\/ul>\n<p>Termin szkolenia i czas trwania<\/p>\n<h3>\n\t\t\t\t\t14 dni od dnia dokonania zakupu<br \/>\n\t\t\t\t<\/h3>\n<h3>\n\t\t\t\t\t90 min<br \/>\n\t\t\t\t<\/h3>\n<p>Koszt szkolenia\u00a0<\/p>\n<h3>\n\t\t\t\t\t200z\u0142   VAT 23%<br \/>\n\t\t\t\t<\/h3>\n<h3>\n\t\t\t\t<\/h3>\n<p>Cena zawiera: dost\u0119p do platformy w ci\u0105gu 14 dni od dnia zakupu,  materia\u0142y szkoleniowe (w formie pdf ).<br \/>\nZa\u015bwiadczenie o uko\u0144czeniu szkolenia.\n<\/p>\n<p>dodatkowe informacje o szkoleniu\u00a0<\/p>\n<p>WYMAGANIA SPRZ\u0118TOWE:<\/p>\n<p>\u2713 komputer<\/br><br \/>\n\u2713 sta\u0142e \u0142\u0105cze internetowe<\/br><br \/>\n\u2713 Aktualna przegl\u0105darka Google Chrome, Mozilla Firefox, Safari, Edge, lub Opera<\/br><br \/>\n\u2713 System operacyjny taki jak Windows 8 (zalecany Windows 10), Mac OS wersja 10.13 (zalecana najnowsza wersja),<br \/>\nLinux, Chrome OS.<\/p>\n<p>Kontakt<\/p>\n<p>\t\t\t\t\t\t\t\t\t\t<img decoding=\"async\" width=\"300\" height=\"75\" src=\"https:\/\/eszkolenia.eduedukacja.pl\/wp-content\/uploads\/2020\/04\/Logo_v1-nowe-pdf-1-1-300x75.png\" alt=\"\" srcset=\"https:\/\/eszkolenia.eduedukacja.pl\/wp-content\/uploads\/2020\/04\/Logo_v1-nowe-pdf-1-1-300x75.png 300w, https:\/\/eszkolenia.eduedukacja.pl\/wp-content\/uploads\/2020\/04\/Logo_v1-nowe-pdf-1-1-504x126.png 504w, https:\/\/eszkolenia.eduedukacja.pl\/wp-content\/uploads\/2020\/04\/Logo_v1-nowe-pdf-1-1.png 567w\" sizes=\"(max-width: 300px) 100vw, 300px\" \/>\t\t\t\t\t\t\t\t\t\t\t<\/p>\n<p>EDU-CONSULTING SZKOLENIA I DORADZTWO S.C.<br \/>Alicja Szwacka-W\u00f3jcik<br \/>e-mail: biznes@edu-consulting-szkolenia.pl<br \/>tel.: 606 342 197<\/p>\n<p>\t\t\t<a href=\"https:\/\/eszkolenia.eduedukacja.pl\/sklep\/produkt\/zakladowy-fundusz-swiadczen-socjalnych-czyli-zfss\/\" role=\"button\"><br \/>\n\t\t\t\t\t\tZam\u00f3w Szkolenie<br \/>\n\t\t\t\t\t<\/a><\/p>\n","protected":false},"excerpt":{"rendered":"<p>INTERAKTYWNE SZKOLENIE ONLINE &#8211; Zak\u0142adowy Fundusz \u015awiadcze\u0144 Socjalnych czyli ZF\u015aS \u2013 wideoszkolenie &#8211; Program Szkolenia 1. Obowi\u0105zek tworzenia Zak\u0142adowego Fundusz \u015awiadcze\u0144 Socjalnych. 2. Podmioty zobowi\u0105zane do tworzenia ZF\u015aS i warunki odst\u0105pienia od tworzenia ZF\u015a\u015a. 3. Osoby uprawnione do korzystania z ZF\u015aS. 4. Osoby na urlopach bezp\u0142atnych, wychowawczych, macierzy\u0144skich \u2013 uprawnienia w zakresie ZF\u015aS. 5. ZF\u015aS [&hellip;]<\/p>\n","protected":false},"featured_media":3237,"template":"","meta":[],"product_cat":[68],"product_tag":[],"acf":[],"_links":{"self":[{"href":"https:\/\/eszkolenia.eduedukacja.pl\/sklep\/wp-json\/wp\/v2\/product\/3236"}],"collection":[{"href":"https:\/\/eszkolenia.eduedukacja.pl\/sklep\/wp-json\/wp\/v2\/product"}],"about":[{"href":"https:\/\/eszkolenia.eduedukacja.pl\/sklep\/wp-json\/wp\/v2\/types\/product"}],"wp:featuredmedia":[{"embeddable":true,"href":"https:\/\/eszkolenia.eduedukacja.pl\/sklep\/wp-json\/wp\/v2\/media\/3237"}],"wp:attachment":[{"href":"https:\/\/eszkolenia.eduedukacja.pl\/sklep\/wp-json\/wp\/v2\/media?parent=3236"}],"wp:term":[{"taxonomy":"product_cat","embeddable":true,"href":"https:\/\/eszkolenia.eduedukacja.pl\/sklep\/wp-json\/wp\/v2\/product_cat?post=3236"},{"taxonomy":"product_tag","embeddable":true,"href":"https:\/\/eszkolenia.eduedukacja.pl\/sklep\/wp-json\/wp\/v2\/product_tag?post=3236"}],"curies":[{"name":"wp","href":"https:\/\/api.w.org\/{rel}","templated":true}]}}