{"id":4735,"date":"2021-03-30T09:59:49","date_gmt":"2021-03-30T07:59:49","guid":{"rendered":"https:\/\/eszkolenia.eduedukacja.pl\/sklep\/produkt\/oswiadczenie-o-zapoznaniu-sie-z-przepisami-bhp-w-jezyku-angielskim\/"},"modified":"2022-02-28T12:54:32","modified_gmt":"2022-02-28T11:54:32","slug":"oswiadczenie-o-zapoznaniu-sie-z-przepisami-bhp-w-jezyku-angielskim","status":"publish","type":"product","link":"https:\/\/eszkolenia.eduedukacja.pl\/sklep\/produkt\/oswiadczenie-o-zapoznaniu-sie-z-przepisami-bhp-w-jezyku-angielskim\/","title":{"rendered":"O\u015bwiadczenie o zapoznaniu si\u0119 z przepisami BHP &#8211; w j\u0119zyku angielskim"},"content":{"rendered":"","protected":false},"excerpt":{"rendered":"","protected":false},"featured_media":4736,"template":"","meta":[],"product_cat":[82],"product_tag":[],"acf":[],"_links":{"self":[{"href":"https:\/\/eszkolenia.eduedukacja.pl\/sklep\/wp-json\/wp\/v2\/product\/4735"}],"collection":[{"href":"https:\/\/eszkolenia.eduedukacja.pl\/sklep\/wp-json\/wp\/v2\/product"}],"about":[{"href":"https:\/\/eszkolenia.eduedukacja.pl\/sklep\/wp-json\/wp\/v2\/types\/product"}],"wp:featuredmedia":[{"embeddable":true,"href":"https:\/\/eszkolenia.eduedukacja.pl\/sklep\/wp-json\/wp\/v2\/media\/4736"}],"wp:attachment":[{"href":"https:\/\/eszkolenia.eduedukacja.pl\/sklep\/wp-json\/wp\/v2\/media?parent=4735"}],"wp:term":[{"taxonomy":"product_cat","embeddable":true,"href":"https:\/\/eszkolenia.eduedukacja.pl\/sklep\/wp-json\/wp\/v2\/product_cat?post=4735"},{"taxonomy":"product_tag","embeddable":true,"href":"https:\/\/eszkolenia.eduedukacja.pl\/sklep\/wp-json\/wp\/v2\/product_tag?post=4735"}],"curies":[{"name":"wp","href":"https:\/\/api.w.org\/{rel}","templated":true}]}}