{"id":5607,"date":"2022-02-21T11:48:48","date_gmt":"2022-02-21T10:48:48","guid":{"rendered":"https:\/\/eszkolenia.eduedukacja.pl\/sklep\/?post_type=product&#038;p=5607"},"modified":"2022-02-21T12:16:51","modified_gmt":"2022-02-21T11:16:51","slug":"instrukcja-przeciwpozarowa-na-budowie","status":"publish","type":"product","link":"https:\/\/eszkolenia.eduedukacja.pl\/sklep\/produkt\/instrukcja-przeciwpozarowa-na-budowie\/","title":{"rendered":"Instrukcja przeciwpo\u017carowa na budowie"},"content":{"rendered":"","protected":false},"excerpt":{"rendered":"<p>Dzia\u0142aj\u0105c w bran\u017cy budowlanej, musisz mie\u0107 \u015bwiadomo\u015b\u0107, o ogromnym ryzyku, kt\u00f3re mo\u017ce prowadzi\u0107 do trwa\u0142ego uszczerbku na zdrowiu, a nawet \u015bmierci. Musisz przewidywa\u0107 nast\u0119pstwa \u017ale wykonywanych rob\u00f3t budowlanych czy rob\u00f3t instalacyjnych i zastosowa\u0107 takie \u015brodki, aby wypadk\u00f3w by\u0142o jak najmniej.<\/p>\n","protected":false},"featured_media":5610,"template":"","meta":[],"product_cat":[79],"product_tag":[],"acf":[],"_links":{"self":[{"href":"https:\/\/eszkolenia.eduedukacja.pl\/sklep\/wp-json\/wp\/v2\/product\/5607"}],"collection":[{"href":"https:\/\/eszkolenia.eduedukacja.pl\/sklep\/wp-json\/wp\/v2\/product"}],"about":[{"href":"https:\/\/eszkolenia.eduedukacja.pl\/sklep\/wp-json\/wp\/v2\/types\/product"}],"wp:featuredmedia":[{"embeddable":true,"href":"https:\/\/eszkolenia.eduedukacja.pl\/sklep\/wp-json\/wp\/v2\/media\/5610"}],"wp:attachment":[{"href":"https:\/\/eszkolenia.eduedukacja.pl\/sklep\/wp-json\/wp\/v2\/media?parent=5607"}],"wp:term":[{"taxonomy":"product_cat","embeddable":true,"href":"https:\/\/eszkolenia.eduedukacja.pl\/sklep\/wp-json\/wp\/v2\/product_cat?post=5607"},{"taxonomy":"product_tag","embeddable":true,"href":"https:\/\/eszkolenia.eduedukacja.pl\/sklep\/wp-json\/wp\/v2\/product_tag?post=5607"}],"curies":[{"name":"wp","href":"https:\/\/api.w.org\/{rel}","templated":true}]}}