{"id":5652,"date":"2022-02-21T15:01:48","date_gmt":"2022-02-21T14:01:48","guid":{"rendered":"https:\/\/eszkolenia.eduedukacja.pl\/sklep\/?post_type=product&#038;p=5652"},"modified":"2022-02-21T15:04:22","modified_gmt":"2022-02-21T14:04:22","slug":"instrukcja-przeciwpozarowa-w-pomieszczeniach-biurowych","status":"publish","type":"product","link":"https:\/\/eszkolenia.eduedukacja.pl\/sklep\/produkt\/instrukcja-przeciwpozarowa-w-pomieszczeniach-biurowych\/","title":{"rendered":"Instrukcja przeciwpo\u017carowa w pomieszczeniach biurowych"},"content":{"rendered":"","protected":false},"excerpt":{"rendered":"<p>Dzia\u0142aj\u0105c w bran\u017cy budowlanej, musisz mie\u0107 \u015bwiadomo\u015b\u0107, o ogromnym ryzyku, kt\u00f3re mo\u017ce prowadzi\u0107 do trwa\u0142ego uszczerbku na zdrowiu, a nawet \u015bmierci. Musisz przewidywa\u0107 nast\u0119pstwa \u017ale wykonywanych rob\u00f3t budowlanych czy rob\u00f3t instalacyjnych i zastosowa\u0107 takie \u015brodki, aby wypadk\u00f3w by\u0142o jak najmniej.<\/p>\n","protected":false},"featured_media":5644,"template":"","meta":[],"product_cat":[83],"product_tag":[],"acf":[],"_links":{"self":[{"href":"https:\/\/eszkolenia.eduedukacja.pl\/sklep\/wp-json\/wp\/v2\/product\/5652"}],"collection":[{"href":"https:\/\/eszkolenia.eduedukacja.pl\/sklep\/wp-json\/wp\/v2\/product"}],"about":[{"href":"https:\/\/eszkolenia.eduedukacja.pl\/sklep\/wp-json\/wp\/v2\/types\/product"}],"wp:featuredmedia":[{"embeddable":true,"href":"https:\/\/eszkolenia.eduedukacja.pl\/sklep\/wp-json\/wp\/v2\/media\/5644"}],"wp:attachment":[{"href":"https:\/\/eszkolenia.eduedukacja.pl\/sklep\/wp-json\/wp\/v2\/media?parent=5652"}],"wp:term":[{"taxonomy":"product_cat","embeddable":true,"href":"https:\/\/eszkolenia.eduedukacja.pl\/sklep\/wp-json\/wp\/v2\/product_cat?post=5652"},{"taxonomy":"product_tag","embeddable":true,"href":"https:\/\/eszkolenia.eduedukacja.pl\/sklep\/wp-json\/wp\/v2\/product_tag?post=5652"}],"curies":[{"name":"wp","href":"https:\/\/api.w.org\/{rel}","templated":true}]}}