{"id":5694,"date":"2022-04-18T17:26:19","date_gmt":"2022-04-18T15:26:19","guid":{"rendered":"https:\/\/eszkolenia.eduedukacja.pl\/sklep\/?post_type=product&#038;p=5694"},"modified":"2022-04-18T17:28:02","modified_gmt":"2022-04-18T15:28:02","slug":"pracownicza-karta-szkolenia-wstepnego-bhp-dwujezyczna-polsko-ukrainska","status":"publish","type":"product","link":"https:\/\/eszkolenia.eduedukacja.pl\/sklep\/produkt\/pracownicza-karta-szkolenia-wstepnego-bhp-dwujezyczna-polsko-ukrainska\/","title":{"rendered":"Pracownicza karta szkolenia wst\u0119pnego BHP dwuj\u0119zyczna (polsko-ukrai\u0144ska)"},"content":{"rendered":"","protected":false},"excerpt":{"rendered":"","protected":false},"featured_media":5693,"template":"","meta":[],"product_cat":[83],"product_tag":[],"acf":[],"_links":{"self":[{"href":"https:\/\/eszkolenia.eduedukacja.pl\/sklep\/wp-json\/wp\/v2\/product\/5694"}],"collection":[{"href":"https:\/\/eszkolenia.eduedukacja.pl\/sklep\/wp-json\/wp\/v2\/product"}],"about":[{"href":"https:\/\/eszkolenia.eduedukacja.pl\/sklep\/wp-json\/wp\/v2\/types\/product"}],"wp:featuredmedia":[{"embeddable":true,"href":"https:\/\/eszkolenia.eduedukacja.pl\/sklep\/wp-json\/wp\/v2\/media\/5693"}],"wp:attachment":[{"href":"https:\/\/eszkolenia.eduedukacja.pl\/sklep\/wp-json\/wp\/v2\/media?parent=5694"}],"wp:term":[{"taxonomy":"product_cat","embeddable":true,"href":"https:\/\/eszkolenia.eduedukacja.pl\/sklep\/wp-json\/wp\/v2\/product_cat?post=5694"},{"taxonomy":"product_tag","embeddable":true,"href":"https:\/\/eszkolenia.eduedukacja.pl\/sklep\/wp-json\/wp\/v2\/product_tag?post=5694"}],"curies":[{"name":"wp","href":"https:\/\/api.w.org\/{rel}","templated":true}]}}