{"id":879,"date":"2020-06-08T20:58:48","date_gmt":"2020-06-08T18:58:48","guid":{"rendered":"https:\/\/eszkolenia.eduedukacja.pl\/sklep\/?post_type=product&#038;p=879"},"modified":"2020-06-10T12:46:27","modified_gmt":"2020-06-10T10:46:27","slug":"zakladowy-fundusz-swiadczen-socjalnych-czyli-zfss","status":"publish","type":"product","link":"https:\/\/eszkolenia.eduedukacja.pl\/sklep\/produkt\/zakladowy-fundusz-swiadczen-socjalnych-czyli-zfss\/","title":{"rendered":"Zak\u0142adowy  Fundusz \u015awiadcze\u0144 Socjalnych czyli ZF\u015aS"},"content":{"rendered":"","protected":false},"excerpt":{"rendered":"","protected":false},"featured_media":880,"template":"","meta":[],"product_cat":[68],"product_tag":[],"acf":[],"_links":{"self":[{"href":"https:\/\/eszkolenia.eduedukacja.pl\/sklep\/wp-json\/wp\/v2\/product\/879"}],"collection":[{"href":"https:\/\/eszkolenia.eduedukacja.pl\/sklep\/wp-json\/wp\/v2\/product"}],"about":[{"href":"https:\/\/eszkolenia.eduedukacja.pl\/sklep\/wp-json\/wp\/v2\/types\/product"}],"wp:featuredmedia":[{"embeddable":true,"href":"https:\/\/eszkolenia.eduedukacja.pl\/sklep\/wp-json\/wp\/v2\/media\/880"}],"wp:attachment":[{"href":"https:\/\/eszkolenia.eduedukacja.pl\/sklep\/wp-json\/wp\/v2\/media?parent=879"}],"wp:term":[{"taxonomy":"product_cat","embeddable":true,"href":"https:\/\/eszkolenia.eduedukacja.pl\/sklep\/wp-json\/wp\/v2\/product_cat?post=879"},{"taxonomy":"product_tag","embeddable":true,"href":"https:\/\/eszkolenia.eduedukacja.pl\/sklep\/wp-json\/wp\/v2\/product_tag?post=879"}],"curies":[{"name":"wp","href":"https:\/\/api.w.org\/{rel}","templated":true}]}}